{"id":9,"date":"2009-12-09T01:23:37","date_gmt":"2009-12-09T01:23:37","guid":{"rendered":"http:\/\/site.sima.org.pt\/?page_id=9"},"modified":"2009-12-09T01:23:37","modified_gmt":"2009-12-09T01:23:37","slug":"historia","status":"publish","type":"page","link":"http:\/\/sima.org.pt\/?page_id=9","title":{"rendered":"Hist\u00f3ria"},"content":{"rendered":"<p><a href=\"?page_id=234\"><img decoding=\"async\" src=\"images\/flag_uk_sm.png\" width=30 height=16 align=\"right\"><\/a><\/p>\n<p style=\"text-align: center;\"><strong>TRINTA E DOIS ANOS DE HIST\u00d3RIA<\/strong><\/p>\n<p style=\"text-align: justify;\">\n<strong>A Constitui\u00e7\u00e3o\u2026 <\/strong><br \/>\n<img decoding=\"async\" src=\"docs\/photos\/jornal.jpg\" align=right> A estrutura sindical corporativa herdada do fascismo e conservada pela generalidade dos sindicatos at\u00e9 1977\/78, impediu que fossem resolvidos os grandes e graves problemas dos trabalhadores metal\u00fargicos. A manuten\u00e7\u00e3o das Assembleias-Gerais, com esquemas de manipula\u00e7\u00e3o bem montados, impedia que qualquer trabalhador pudesse manifestar a sua opini\u00e3o ou sugerir qualquer altera\u00e7\u00e3o ao proposto pela direc\u00e7\u00e3o, tendo como certo as amea\u00e7as, os insultos e mesmo as agress\u00f5es.<\/p>\n<p style=\"text-align: justify;\">Como resultado de tudo isto, um grande n\u00famero de trabalhadores metal\u00fargicos que, ao longo dos \u00faltimos anos, jamais desistiria de lutar por se fazer ouvir, decidiu colocar um trav\u00e3o nesse comboio desenfreado alheio \u00e0 democracia, \u00e0 moralidade e \u00e0 justi\u00e7a.<\/p>\n<p><img decoding=\"async\" src=\"docs\/photos\/5congresso.jpg\" align=left><\/p>\n<p style=\"text-align: justify;\">Foram promovidas in\u00fameras reuni\u00f5es em que se debateram os problemas mais prementes da classe e onde foram igualmente definidas algumas linhas de actua\u00e7\u00e3o que pudessem surgir como alternativa \u00e0 estrutura e \u00e0 pr\u00e1tica corporativa prosseguida pela Intersindical de ent\u00e3o. Come\u00e7aram assim a esbo\u00e7ar-se as linhas program\u00e1ticas de uns novos estatutos sindicais que consagrassem o sentir e o querer da grande maioria dos trabalhadores metal\u00fargicos. Este movimento foi posteriormente alargado a todo o pa\u00eds, atrav\u00e9s de grupos de trabalho que se constitu\u00edram para o efeito. Como consequ\u00eancia l\u00f3gica surge a ideia da cria\u00e7\u00e3o de um Sindicato Vertical de \u00e2mbito nacional.<\/p>\n<p style=\"text-align: justify;\">A fim de dar continuidade \u00e0s delibera\u00e7\u00f5es de um cada vez maior n\u00famero de trabalhadores metal\u00fargicos foi eleita uma comiss\u00e3o directiva provis\u00f3ria que distribuiu o projecto de estatutos por todo o Pa\u00eds, com vista \u00e0 sua discuss\u00e3o e necess\u00e1ria correc\u00e7\u00e3o. Aprovados os estatutos provis\u00f3rios, os mesmos foram enviados ao Minist\u00e9rio do Trabalho que procedeu \u00e0 sua publica\u00e7\u00e3o oficial no Boletim n\u00ba 25, datado de 8 de Julho de 1978.<\/p>\n<p><img decoding=\"async\" src=\"docs\/photos\/dinamizacao.jpg\" align=right> <\/p>\n<p style=\"text-align: justify;\">Estes novos Estatutos propunham uma estrutura que se caracterizava pela substitui\u00e7\u00e3o da Assembleia-Geral pelo Congresso e onde seriam eleitos todos os \u00f3rg\u00e3os do sindicato a formar. A Comiss\u00e3o directiva provis\u00f3ria teria ent\u00e3o 90 dias para proceder \u00e0 elei\u00e7\u00e3o, a n\u00edvel nacional, de delegados ao Congresso constituinte do SIMA.<\/p>\n<p style=\"text-align: justify;\"><strong>O 1\u00ba CONGRESSO DO SIMA <\/strong><br \/>\n\u00c0 data da realiza\u00e7\u00e3o do 1\u00ba Congresso do SIMA j\u00e1 se contavam, a n\u00edvel nacional, mais de 36.000 aderentes. Foi essa grande mobiliza\u00e7\u00e3o inicial que permitiu que a realiza\u00e7\u00e3o do Congresso se transformasse num marco hist\u00f3rico para o movimento sindical Portugu\u00eas, em geral, e para os trabalhadores metal\u00fargicos muito em especial.<\/p>\n<p><img decoding=\"async\" src=\"docs\/photos\/congressofitim.jpg\" align=left> <\/p>\n<p style=\"text-align: justify;\">Ap\u00f3s dois dias de um profundo e aberto debate, os 300 delegados presentes, vindos de todos os distritos do Pa\u00eds, acabaram por aprovar os Estatutos e o Documento de estrat\u00e9gia Sindical e elegeram os corpos directivos do Sindicato das Industrias Metal\u00fargicas e Afins \u2013 SIMA &#8211; o primeiro sindicato vertical de Portugal.<\/p>\n<p style=\"text-align: justify;\">O SIMA foi ainda membro fundador da UGT \u2013 Uni\u00e3o Geral de Trabalhadores e est\u00e1 desde a sua constitui\u00e7\u00e3o filiado na FEM \u2013 Federa\u00e7\u00e3o Europeia dos Metal\u00fargicos e na FITIM \u2013 Federa\u00e7\u00e3o Internacional dos Trabalhadores das Ind\u00fastrias Metal\u00fargicos.<\/p>\n<p><img decoding=\"async\" src=\"docs\/photos\/barcelona.jpg\" align=right> <\/p>\n<p style=\"text-align: justify;\">Em 2003, em virtude de uma altera\u00e7\u00e3o estatut\u00e1ria o SIMA alargou o seu \u00e2mbito de actua\u00e7\u00e3o, passando a representar todos os trabalhadores que, independentemente da sua profiss\u00e3o ou categoria profissional, exer\u00e7am a sua actividade em todos os ramos da ind\u00fastria, servi\u00e7os ou afins, ou em qualquer ramo cuja evolu\u00e7\u00e3o tecnol\u00f3gica \u00e0queles o aproxime.<\/p>\n<p style=\"text-align: justify;\"><strong>A Estrutura <\/strong><br \/>\nO \u00d3rg\u00e3o m\u00e1ximo do SIMA \u00e9, pois, o Congresso, constitu\u00eddo por um col\u00e9gio de delegados eleitos por voto directo, universal e secreto, em escrut\u00ednio pelo m\u00e9todo da m\u00e9dia mais alta d\u2019hont.<\/p>\n<p><img decoding=\"async\" src=\"docs\/photos\/formacaosima.jpg\" align=left> <\/p>\n<p style=\"text-align: justify;\">Das v\u00e1rias atribui\u00e7\u00f5es conferidas ao congresso, que re\u00fane ordinariamente de quatro em quatro anos, consta a elei\u00e7\u00e3o do Secret\u00e1rio-Geral, o Secretariado Geral Nacional, do Conselho Fiscalizador de Contas e do Conselho Disciplinar. A Comiss\u00e3o Executiva \u00e9 o \u00faltimo \u00f3rg\u00e3o executivo.<\/p>\n<p style=\"text-align: justify;\">A estrutura do SIMA assenta directamente nas empresas, constituindo assim a base da unidade dos trabalhadores na discuss\u00e3o dos seus problemas. Os princ\u00edpios que norteiam o SIMA n\u00e3o permitem a aceita\u00e7\u00e3o passiva das solu\u00e7\u00f5es, antes exigem a participa\u00e7\u00e3o franca e activa de todas as correntes sindicais para que a mais ampla mobiliza\u00e7\u00e3o de todos os trabalhadores possa ser um facto.<\/p>\n<p><img decoding=\"async\" src=\"docs\/photos\/9congressosima.jpg\" align=right> <\/p>\n<p style=\"text-align: justify;\">S\u00e3o os princ\u00edpios do sindicalismo Democr\u00e1tico que orientam a sua ac\u00e7\u00e3o, tendo em vista a cria\u00e7\u00e3o de um movimento sindical forte e independente. O SIMA prop\u00f5e-se lutar com todas as organiza\u00e7\u00f5es sindicais democr\u00e1ticas, nacionais ou estrangeiras, para conseguir a liberta\u00e7\u00e3o dos trabalhadores de acordo com os princ\u00edpios da solidariedade oper\u00e1ria e sindical internacional.<\/p>\n<p style=\"text-align: justify;\"><strong>Actualmente \u2026 <\/strong><br \/>\nImediatamente ap\u00f3s a realiza\u00e7\u00e3o do Congresso foi dado in\u00edcio \u00e0 fase de organiza\u00e7\u00e3o do sindicato. Foi poss\u00edvel, contando com o esfor\u00e7o dos trabalhadores aderentes ao SIMA, organizar uma estrutura a n\u00edvel nacional, forte e em expans\u00e3o, dotando-a de meios para uma defesa intransigente dos trabalhadores, seus associados, e dos trabalhadores em geral.<\/p>\n<p><img decoding=\"async\" src=\"docs\/photos\/cartaz9congresso.gif\" align=left> <\/p>\n<p style=\"text-align: justify;\">O SIMA tem vindo a refor\u00e7ar a sua posi\u00e7\u00e3o, n\u00e3o s\u00f3 a n\u00edvel nacional, como maior sindicato, como a n\u00edvel europeu e internacional. Demonstrando que o projecto iniciado em finais da d\u00e9cada de 70 se tornou uma realidade indiscut\u00edvel e que \u00e9, actualmente, como o sempre o foi, um sindicato que defende os trabalhadores dos sectores abrangidos.<\/p>\n<p style=\"text-align: justify;\">O SIMA est\u00e1 presentemente implantado de norte a sul do pa\u00eds, contando com uma forte organiza\u00e7\u00e3o nas maiores empresas do pa\u00eds.<\/p>\n<p style=\"text-align: justify;\">Por isso, participamos activamente na contrata\u00e7\u00e3o colectiva, negociando os mais importantes Acordos Colectivos dos diferentes sectores: metal\u00fargico, naval, transportes, metalomec\u00e2nico, el\u00e9ctrico e electr\u00f3nico, qu\u00edmico, autom\u00f3vel, ourivesaria e relojoaria, madeiras, cimento, t\u00eaxteis, defesa, abastecimento de combust\u00edveis, energia, comunica\u00e7\u00f5es, alimentar, celulose e pap\u00e9is, bem como a n\u00edvel das pr\u00f3prias empresas, onde pessoal qualificado negoceia os acordos de empresa.<\/p>\n<p><img decoding=\"async\" src=\"docs\/photos\/plenariodelphiguarda.jpg\" align=right> <\/p>\n<p style=\"text-align: justify;\">Promovemos a Forma\u00e7\u00e3o, a n\u00edvel sindical e demais \u00e1reas, para todos os nossos associados, procurando dessa forma responder \u00e0s necessidades que se nos colocam.<\/p>\n<p style=\"text-align: justify;\">Procuramos inovar, por isso dispomos de um vasto leque de benef\u00edcios, que v\u00e3o desde o apoio jur\u00eddico aos nossos associados, aos descontos em in\u00fameros estabelecimentos m\u00e9dicos e comerciais, lazer, desporto, entre outros, que colocamos ao dispor dos associados.<\/p>\n<p>O SIMA  SIMA foi ainda membro fundador da UGT \u2013 Uni\u00e3o Geral de Trabalhadores e est\u00e1 desde a sua constitui\u00e7\u00e3o filiado na FEM \u2013 Federa\u00e7\u00e3o Europeia dos Metal\u00fargicos e na FITIM \u2013 Federa\u00e7\u00e3o Internacional dos Trabalhadores das Ind\u00fastrias Metal\u00fargicos. Com a fus\u00e3o e extins\u00e3o da FEM passou a fazer parte da Industriall desde dia 15 de Maio de 2012.<\/p>\n","protected":false},"excerpt":{"rendered":"<\/p>\n<p style=\"text-align: center;\">TRINTA E DOIS ANOS DE HIST\u00d3RIA<\/p>\n<p style=\"text-align: justify;\"> A Constitui\u00e7\u00e3o\u2026 A estrutura sindical corporativa herdada do fascismo e conservada pela generalidade dos sindicatos at\u00e9 1977\/78, impediu que fossem resolvidos os grandes e graves problemas dos trabalhadores metal\u00fargicos. A manuten\u00e7\u00e3o das Assembleias-Gerais, com esquemas de manipula\u00e7\u00e3o bem montados, impedia que qualquer trabalhador pudesse manifestar a sua opini\u00e3o ou sugerir qualquer altera\u00e7\u00e3o ao proposto pela direc\u00e7\u00e3o, tendo como certo as amea\u00e7as, os insultos e mesmo as agress\u00f5es.<\/p>\n<p style=\"text-align: justify;\">Como resultado de tudo isto, um grande n\u00famero de trabalhadores metal\u00fargicos que, ao longo dos \u00faltimos anos, jamais desistiria de lutar por se fazer ouvir, decidiu colocar um trav\u00e3o nesse comboio desenfreado alheio \u00e0 democracia, \u00e0 moralidade e \u00e0 justi\u00e7a.<\/p>\n<\/p>\n<p style=\"text-align: justify;\">Foram promovidas in\u00fameras reuni\u00f5es em que se debateram os problemas mais prementes da classe e onde foram igualmente definidas algumas linhas de actua\u00e7\u00e3o que pudessem surgir como alternativa \u00e0 estrutura e \u00e0 pr\u00e1tica corporativa prosseguida pela Intersindical de ent\u00e3o. Come\u00e7aram assim a esbo\u00e7ar-se as linhas program\u00e1ticas de uns novos estatutos sindicais que consagrassem o sentir e o querer da grande maioria dos trabalhadores metal\u00fargicos. Este movimento foi posteriormente alargado a todo o pa\u00eds, atrav\u00e9s de grupos de trabalho que se constitu\u00edram para o efeito. Como consequ\u00eancia l\u00f3gica surge a ideia da cria\u00e7\u00e3o de um Sindicato Vertical de \u00e2mbito nacional.<\/p>\n<p style=\"text-align: justify;\">A fim de dar continuidade \u00e0s delibera\u00e7\u00f5es de um cada vez maior n\u00famero de trabalhadores metal\u00fargicos foi eleita uma comiss\u00e3o directiva provis\u00f3ria que distribuiu o [<a href=\"http:\/\/sima.org.pt\/?page_id=9\">&#8230;<\/a>]<\/p>\n","protected":false},"author":6,"featured_media":0,"parent":827,"menu_order":0,"comment_status":"open","ping_status":"closed","template":"","meta":{"footnotes":""},"_links":{"self":[{"href":"http:\/\/sima.org.pt\/index.php?rest_route=\/wp\/v2\/pages\/9"}],"collection":[{"href":"http:\/\/sima.org.pt\/index.php?rest_route=\/wp\/v2\/pages"}],"about":[{"href":"http:\/\/sima.org.pt\/index.php?rest_route=\/wp\/v2\/types\/page"}],"author":[{"embeddable":true,"href":"http:\/\/sima.org.pt\/index.php?rest_route=\/wp\/v2\/users\/6"}],"replies":[{"embeddable":true,"href":"http:\/\/sima.org.pt\/index.php?rest_route=%2Fwp%2Fv2%2Fcomments&post=9"}],"version-history":[{"count":0,"href":"http:\/\/sima.org.pt\/index.php?rest_route=\/wp\/v2\/pages\/9\/revisions"}],"up":[{"embeddable":true,"href":"http:\/\/sima.org.pt\/index.php?rest_route=\/wp\/v2\/pages\/827"}],"wp:attachment":[{"href":"http:\/\/sima.org.pt\/index.php?rest_route=%2Fwp%2Fv2%2Fmedia&parent=9"}],"curies":[{"name":"wp","href":"https:\/\/api.w.org\/{rel}","templated":true}]}}