{"id":828,"date":"2009-12-09T01:24:54","date_gmt":"2009-12-09T01:24:54","guid":{"rendered":"http:\/\/site.sima.org.pt\/?page_id=4"},"modified":"2009-12-09T01:24:54","modified_gmt":"2009-12-09T01:24:54","slug":"como-aderir","status":"publish","type":"page","link":"http:\/\/sima.org.pt\/?page_id=828","title":{"rendered":"Como aderir"},"content":{"rendered":"<p>\u00c9 muito f\u00e1cil aderir ao SIMA. Para tal bastar\u00e1 optar por uma das duas modalidades ao disp\u00f4r para envio da quota sindical e seguir os passos indicados:<br \/>\n<strong>Modalidade 1 \u2013 Ades\u00e3o desconto via empresa<\/strong><\/p>\n<ul>\n<li> Descarregar e imprimir o <a href=\"docs\/adesao\/adesao_desconto_via_empresa.pdf\">formul\u00e1rio<\/a><\/li>\n<li> Preencher o formul\u00e1rio com os dados solicitados e assin\u00e1-lo.<\/li>\n<li> Enviar c\u00f3pia por correio para o\u00a0SIMA.<\/li>\n<\/ul>\n<p style=\"padding-left: 90px;\">SIMA<br \/>\nRua S\u00edlvio Rebelo n\u00ba 2 \u2013 2\u00ba<br \/>\n1000-282 Lisboa\n<\/p>\n<ul>\n<li> Entregar o original junto da empresa.<\/li>\n<\/ul>\n<p>\u00a0<br \/>\n<strong>Modalidade 2 \u2013 Ades\u00e3o desconto via banco<\/strong><\/p>\n<ul>\n<li> Descarregar e imprimir o <a href=\"docs\/adesao\/adesao_desconto_via_banco.pdf\">formul\u00e1rio<\/a><\/li>\n<li> Preencher o formul\u00e1rio com os dados solicitados e assin\u00e1-lo.<\/li>\n<li> Enviar o original\u00a0por correio para o\u00a0SIMA.<\/li>\n<\/ul>\n<p style=\"padding-left: 90px;\">SIMA<br \/>\nRua S\u00edlvio Rebelo n\u00ba 2 \u2013 2\u00ba<br \/>\n1000-282 Lisboa<\/p>\n","protected":false},"excerpt":{"rendered":"<p>\u00c9 muito f\u00e1cil aderir ao SIMA. Para tal bastar\u00e1 optar por uma das duas modalidades ao disp\u00f4r para envio da quota sindical e seguir os passos indicados: Modalidade 1 \u2013 Ades\u00e3o desconto via empresa<\/p>\n<p> Descarregar e imprimir o formul\u00e1rio Preencher o formul\u00e1rio com os dados solicitados e assin\u00e1-lo. Enviar c\u00f3pia por correio para o SIMA. <\/p>\n<p style=\"padding-left: 90px;\">SIMA Rua S\u00edlvio Rebelo n\u00ba 2 \u2013 2\u00ba 1000-282 Lisboa <\/p>\n<p> Entregar o original junto da empresa. <\/p>\n<p> Modalidade 2 \u2013 Ades\u00e3o desconto via banco<\/p>\n<p> Descarregar e imprimir o formul\u00e1rio Preencher o formul\u00e1rio com os dados solicitados e assin\u00e1-lo. Enviar o original por correio para o SIMA. <\/p>\n<p style=\"padding-left: 90px;\">SIMA Rua S\u00edlvio Rebelo n\u00ba 2 \u2013 2\u00ba 1000-282 Lisboa<\/p>\n","protected":false},"author":6,"featured_media":0,"parent":0,"menu_order":0,"comment_status":"open","ping_status":"closed","template":"","meta":{"footnotes":""},"_links":{"self":[{"href":"http:\/\/sima.org.pt\/index.php?rest_route=\/wp\/v2\/pages\/828"}],"collection":[{"href":"http:\/\/sima.org.pt\/index.php?rest_route=\/wp\/v2\/pages"}],"about":[{"href":"http:\/\/sima.org.pt\/index.php?rest_route=\/wp\/v2\/types\/page"}],"author":[{"embeddable":true,"href":"http:\/\/sima.org.pt\/index.php?rest_route=\/wp\/v2\/users\/6"}],"replies":[{"embeddable":true,"href":"http:\/\/sima.org.pt\/index.php?rest_route=%2Fwp%2Fv2%2Fcomments&post=828"}],"version-history":[{"count":0,"href":"http:\/\/sima.org.pt\/index.php?rest_route=\/wp\/v2\/pages\/828\/revisions"}],"wp:attachment":[{"href":"http:\/\/sima.org.pt\/index.php?rest_route=%2Fwp%2Fv2%2Fmedia&parent=828"}],"curies":[{"name":"wp","href":"https:\/\/api.w.org\/{rel}","templated":true}]}}