{"id":248,"date":"2010-01-26T23:21:16","date_gmt":"2010-01-26T23:21:16","guid":{"rendered":"http:\/\/www.sima.org.pt\/?page_id=248"},"modified":"2010-01-26T23:21:16","modified_gmt":"2010-01-26T23:21:16","slug":"faq","status":"publish","type":"page","link":"http:\/\/sima.org.pt\/?page_id=248","title":{"rendered":"FAQ"},"content":{"rendered":"<h4>Reforma Antecipada<\/h4>\n<p>\n<b>Quem pode pedir a reforma antecipada?<\/b><br \/>\nOs trabalhadores com 55 anos de idade e 30 anos de descontos para a Seguran\u00e7a Social.\n<\/p>\n<p>\n<b>Sou penalizado por pedir a reforma antecipada?<\/b><br \/>\nSim. O valor da reforma \u00e9 penalizado por cada ano a menos em rela\u00e7\u00e3o aos 65 anos.\n<\/p>\n<p>\n<b>Por outro lado &#8230;<\/b><br \/>\nPor cada tr\u00eas anos de descontos para al\u00e9m dos 30 anos de carreira contributiva, o trabalhador desconta 1 ano na idade da reforma. E quem trabalhar ap\u00f3s os 65 \u00e9 bonificado.<\/p>\n","protected":false},"excerpt":{"rendered":"<p>Reforma Antecipada <\/p>\n<p> Quem pode pedir a reforma antecipada? Os trabalhadores com 55 anos de idade e 30 anos de descontos para a Seguran\u00e7a Social. <\/p>\n<p> Sou penalizado por pedir a reforma antecipada? Sim. O valor da reforma \u00e9 penalizado por cada ano a menos em rela\u00e7\u00e3o aos 65 anos. <\/p>\n<p> Por outro lado &#8230; Por cada tr\u00eas anos de descontos para al\u00e9m dos 30 anos de carreira contributiva, o trabalhador desconta 1 ano na idade da reforma. E quem trabalhar ap\u00f3s os 65 \u00e9 bonificado.<\/p>\n","protected":false},"author":3,"featured_media":0,"parent":0,"menu_order":0,"comment_status":"closed","ping_status":"closed","template":"","meta":{"footnotes":""},"_links":{"self":[{"href":"http:\/\/sima.org.pt\/index.php?rest_route=\/wp\/v2\/pages\/248"}],"collection":[{"href":"http:\/\/sima.org.pt\/index.php?rest_route=\/wp\/v2\/pages"}],"about":[{"href":"http:\/\/sima.org.pt\/index.php?rest_route=\/wp\/v2\/types\/page"}],"author":[{"embeddable":true,"href":"http:\/\/sima.org.pt\/index.php?rest_route=\/wp\/v2\/users\/3"}],"replies":[{"embeddable":true,"href":"http:\/\/sima.org.pt\/index.php?rest_route=%2Fwp%2Fv2%2Fcomments&post=248"}],"version-history":[{"count":0,"href":"http:\/\/sima.org.pt\/index.php?rest_route=\/wp\/v2\/pages\/248\/revisions"}],"wp:attachment":[{"href":"http:\/\/sima.org.pt\/index.php?rest_route=%2Fwp%2Fv2%2Fmedia&parent=248"}],"curies":[{"name":"wp","href":"https:\/\/api.w.org\/{rel}","templated":true}]}}