{"id":182,"date":"2009-12-20T19:39:31","date_gmt":"2009-12-20T19:39:31","guid":{"rendered":"http:\/\/site.sima.org.pt\/?page_id=182"},"modified":"2020-01-19T16:53:47","modified_gmt":"2020-01-19T16:53:47","slug":"projectos-2","status":"publish","type":"page","link":"http:\/\/sima.org.pt\/?page_id=182","title":{"rendered":"Projectos"},"content":{"rendered":"<p style=\"text-align: justify;\">H\u00e1 mais de uma d\u00e9cada que o SIMA tem desenvolvido e levado a cabo ac\u00e7\u00f5es de car\u00e1cter nacional e europeu, muitas delas com o apoio da Uni\u00e3o Europeia, versando quest\u00f5es e mat\u00e9rias que julgamos serem da maior import\u00e2ncia, quer para os trabalhadores, quer para as pr\u00f3prias empresas.<\/p>\n<p style=\"text-align: justify;\">Sempre apost\u00e1mos na inova\u00e7\u00e3o e na antevis\u00e3o dos desafios que se colocam, e colocar\u00e3o, aos trabalhadores, na sua discuss\u00e3o e de que forma estes poder\u00e3o ser ultrapassados. Por isso estudamos todas as quest\u00f5es aprofundadamente e promovemos o debate tripartido de forma a encontrar poss\u00edveis solu\u00e7\u00f5es e instrumentos a utilizar.<\/p>\n<p style=\"text-align: justify;\">O SIMA tem sido pioneiro na discuss\u00e3o e abordagem de quest\u00f5es, promovendo o debate aberto a todos os parceiros sociais.<\/p>\n<p style=\"text-align: justify;\">Ao longo destes anos lev\u00e1mos a cabo iniciativas, contando com a colabora\u00e7\u00e3o de diversos parceiros, a n\u00edvel nacional e europeu, sobre quest\u00f5es como o Dialogo Social, a Informa\u00e7\u00e3o e Consulta dos Trabalhadores, a Participa\u00e7\u00e3o Financeira dos Trabalhadores, os Comit\u00e9s de Empresa Europeus, a Sociedade Europeia, os Acordos Quadro Internacionais e Europeus, reflex\u00f5es sobre quadros de crise e poss\u00edveis solu\u00e7\u00f5es, discuss\u00e3o e reflex\u00e3o sectoriais, entre outras.<\/p>\n<p style=\"text-align: justify;\">\u00c9 com enorme orgulho que o trabalho desenvolvido pelo SIMA tem obtido excelentes resultados e tem visto aplica\u00e7\u00e3o pr\u00e1tica, tendo mesmo conduzido a altera\u00e7\u00f5es de pontos de vista e tamb\u00e9m a n\u00edvel legislativo.<\/p>\n<p style=\"text-align: justify;\">Para acederem a alguns dos trabalhos mais recentes e material elaborado bastar\u00e1 um simples clicar nos links apresentados abaixo.<\/p>\n<div align=\"center\">\n<table align=\"center\" cellspacing=\"20\">\n<tbody>\n<tr>\n<td valign=\"top\">\n<div align=\"center\"><a href=\"http:\/\/aheadintime.planetaclix.pt\"><img decoding=\"async\" loading=\"lazy\" width=\"238\" height=\"110\" src=\"docs\/projectos\/Ahead_In_Time.png\"><br \/>\nAhead In Time<\/a><\/div>\n<\/td>\n<td valign=\"top\">\n<div align=\"center\"><a href=\"http:\/\/coc.planetaclix.pt\"><img decoding=\"async\" loading=\"lazy\" width=\"138\" height=\"110\" src=\"docs\/projectos\/Codes_Of_Conduct.png\"><br \/>\nCodes Of Conduct<\/a><\/div>\n<\/td>\n<\/tr>\n<\/tbody>\n<\/table>\n<table align=\"center\" cellspacing=\"20\">\n<tbody>\n<tr>\n<td valign=\"top\">\n<div align=\"center\"><a href=\"http:\/\/wfpsima.planetaclix.pt\"><img decoding=\"async\" loading=\"lazy\" width=\"111\" height=\"110\" src=\"docs\/projectos\/Workers_Finantial_Participation.png\"><br \/>\nWorkers Finantial<br \/>\nParticipation<\/a><\/div>\n<\/td>\n<td valign=\"top\">\n<div align=\"center\"><a href=\"http:\/\/seeds.sima.org.pt\/\"><img decoding=\"async\" loading=\"lazy\" width=\"128\" height=\"110\" src=\"docs\/projectos\/Seeds.png\"><br \/>\nSEEDS<\/a><\/div>\n<\/td>\n<td valign=\"top\">\n<div align=\"center\"><a href=\"http:\/\/seeds2.sima.org.pt\/\"><img decoding=\"async\" loading=\"lazy\" width=\"105\" height=\"110\" src=\"docs\/projectos\/Seeds_2.png\"><br \/>\nSEEDS 2<\/a><\/div>\n<\/td>\n<\/tr>\n<\/tbody>\n<\/table>\n<table align=\"center\" cellspacing=\"20\">\n<tbody>\n<tr>\n<td valign=\"top\">\n<div align=\"center\"><a href=\"http:\/\/seeds3.sima.org.pt\/\"><img decoding=\"async\" loading=\"lazy\" width=\"109\" height=\"110\" src=\"docs\/projectos\/Seeds_3.png\"><br \/>\nSEEDS 3<\/a><\/div>\n<\/td>\n<td valign=\"top\">\n<div align=\"center\"><a href=\"http:\/\/next.sima.org.pt\"><img decoding=\"async\" loading=\"lazy\" width=\"128\" height=\"110\" src=\"docs\/projectos\/Next.png\"><br \/>\nNext<\/a><\/div>\n<\/td>\n<td valign=\"top\">\n<div align=\"center\"><a href=\"http:\/\/wave.sima.org.pt\"><img decoding=\"async\" loading=\"lazy\" width=\"130\" height=\"110\" src=\"docs\/projectos\/Wave.png\"><br \/>\nWave<\/a><\/div>\n<\/td>\n<\/tr>\n<\/tbody>\n<\/table>\n<table align=\"center\" cellspacing=\"20\">\n<tbody>\n<tr>\n<td valign=\"top\">\n<div align=\"center\"><a href=\"http:\/\/voluntaryway.sima.org.pt\"><img decoding=\"async\" loading=\"lazy\" width=\"94\" height=\"110\" src=\"docs\/projectos\/Voluntary_Way.png\"><br \/>\nVoluntary Way<\/a><\/div>\n<\/td>\n<td valign=\"top\">\n<div align=\"center\"><a href=\"http:\/\/icnewdimension.sima.org.pt\"><img decoding=\"async\" loading=\"lazy\" width=\"110\" height=\"110\" src=\"docs\/projectos\/ICNewDimension.jpg\"><br \/>\nIC New Dimension<\/a><\/div>\n<\/td>\n<td valign=\"top\">\n<div align=\"center\"><a href=\"http:\/\/icnewdimension.sima.org.pt\/?newsite=site2\"><img decoding=\"async\" loading=\"lazy\" width=\"156\" height=\"110\" src=\"docs\/projectos\/ICNewDimension2.jpg\"><br \/>\nInformation and Consultation<br \/>\nto Meet and Explore<br \/>\nConcrete Needs<\/a><\/div>\n<\/td>\n<\/tr>\n<\/tbody>\n<\/table>\n<table align=\"center\" cellspacing=\"20\">\n<tbody>\n<tr>\n<td valign=\"top\">\n<div align=\"center\"><a href=\"http:\/\/icnewdimension.sima.org.pt\/?newsite=site3\"><img decoding=\"async\" loading=\"lazy\" width=\"110\" height=\"110\" src=\"docs\/projectos\/ICNewDimension3.jpg\"><br \/>\nSME&#8217;s &#8211; Information and Consultation<br \/>\nInnovative Challenges<\/a><\/div>\n<\/td>\n<td valign=\"top\">\n<div align=\"center\"><a href=\"http:\/\/upperlevel.sima.org.pt\"><img decoding=\"async\" loading=\"lazy\" width=\"156\" height=\"110\" src=\"docs\/projectos\/UpperLevel.jpg\"><br \/>\nUpper Level &#8211; Joint Social Commitment<br \/>\nas the Key to I&amp;C and Participation<br \/>\nand Their Challenges<\/a><\/div>\n<\/td>\n<\/tr>\n<\/tbody>\n<\/table>\n<\/div>\n","protected":false},"excerpt":{"rendered":"<p style=\"text-align: justify;\">H\u00e1 mais de uma d\u00e9cada que o SIMA tem desenvolvido e levado a cabo ac\u00e7\u00f5es de car\u00e1cter nacional e europeu, muitas delas com o apoio da Uni\u00e3o Europeia, versando quest\u00f5es e mat\u00e9rias que julgamos serem da maior import\u00e2ncia, quer para os trabalhadores, quer para as pr\u00f3prias empresas.<\/p>\n<p style=\"text-align: justify;\">Sempre apost\u00e1mos na inova\u00e7\u00e3o e na antevis\u00e3o dos desafios que se colocam, e colocar\u00e3o, aos trabalhadores, na sua discuss\u00e3o e de que forma estes poder\u00e3o ser ultrapassados. Por isso estudamos todas as quest\u00f5es aprofundadamente e promovemos o debate tripartido de forma a encontrar poss\u00edveis solu\u00e7\u00f5es e instrumentos a utilizar.<\/p>\n<p style=\"text-align: justify;\">O SIMA tem sido pioneiro na discuss\u00e3o e abordagem de quest\u00f5es, promovendo o debate aberto a todos os parceiros sociais.<\/p>\n<p style=\"text-align: justify;\">Ao longo destes anos lev\u00e1mos a cabo iniciativas, contando com a colabora\u00e7\u00e3o de diversos parceiros, a n\u00edvel nacional e europeu, sobre quest\u00f5es como o Dialogo Social, a Informa\u00e7\u00e3o e Consulta dos Trabalhadores, a Participa\u00e7\u00e3o Financeira dos Trabalhadores, os Comit\u00e9s de Empresa Europeus, a Sociedade Europeia, os Acordos Quadro Internacionais e Europeus, reflex\u00f5es sobre quadros de crise e poss\u00edveis solu\u00e7\u00f5es, discuss\u00e3o e reflex\u00e3o sectoriais, entre outras.<\/p>\n<p style=\"text-align: justify;\">\u00c9 com enorme orgulho que o trabalho desenvolvido pelo SIMA tem obtido excelentes resultados e tem visto aplica\u00e7\u00e3o pr\u00e1tica, tendo mesmo conduzido a altera\u00e7\u00f5es de pontos de vista e tamb\u00e9m a n\u00edvel legislativo.<\/p>\n<p style=\"text-align: justify;\">Para acederem a alguns dos trabalhos mais recentes e material elaborado bastar\u00e1 um simples clicar nos links apresentados abaixo.<\/p>\n<p> Ahead In Time Codes Of [<a href=\"http:\/\/sima.org.pt\/?page_id=182\">&#8230;<\/a>]<\/p>\n","protected":false},"author":3,"featured_media":0,"parent":0,"menu_order":0,"comment_status":"closed","ping_status":"closed","template":"","meta":{"footnotes":""},"_links":{"self":[{"href":"http:\/\/sima.org.pt\/index.php?rest_route=\/wp\/v2\/pages\/182"}],"collection":[{"href":"http:\/\/sima.org.pt\/index.php?rest_route=\/wp\/v2\/pages"}],"about":[{"href":"http:\/\/sima.org.pt\/index.php?rest_route=\/wp\/v2\/types\/page"}],"author":[{"embeddable":true,"href":"http:\/\/sima.org.pt\/index.php?rest_route=\/wp\/v2\/users\/3"}],"replies":[{"embeddable":true,"href":"http:\/\/sima.org.pt\/index.php?rest_route=%2Fwp%2Fv2%2Fcomments&post=182"}],"version-history":[{"count":2,"href":"http:\/\/sima.org.pt\/index.php?rest_route=\/wp\/v2\/pages\/182\/revisions"}],"predecessor-version":[{"id":1006,"href":"http:\/\/sima.org.pt\/index.php?rest_route=\/wp\/v2\/pages\/182\/revisions\/1006"}],"wp:attachment":[{"href":"http:\/\/sima.org.pt\/index.php?rest_route=%2Fwp%2Fv2%2Fmedia&parent=182"}],"curies":[{"name":"wp","href":"https:\/\/api.w.org\/{rel}","templated":true}]}}