{"id":180,"date":"2009-12-20T19:38:12","date_gmt":"2009-12-20T19:38:12","guid":{"rendered":"http:\/\/site.sima.org.pt\/?page_id=180"},"modified":"2009-12-20T19:38:12","modified_gmt":"2009-12-20T19:38:12","slug":"legislacao","status":"publish","type":"page","link":"http:\/\/sima.org.pt\/?page_id=180","title":{"rendered":"Legisla\u00e7\u00e3o"},"content":{"rendered":"<ul>\n<li><a href=\"docs\/legislacao\/Codigo_de_Trabalho_Lei_23_2012_25_Jun.pdf\">C\u00f3digo do Trabalho (Lei 23\/2012 de 25 Jun)<\/a><\/li>\n<p>&nbsp;<\/li>\n<li><a href=\"docs\/legislacao\/Controlo_Situacoes_de_Doenca.pdf\">Controlo Situa\u00e7\u00f5es de Doen\u00e7a<\/a> <br \/>&nbsp;<\/li>\n<li><a href=\"docs\/legislacao\/Regime_da_Aposentacao_e_das_Pensoes_de_Sobrevivencia.pdf\">Regime da Aposenta\u00e7\u00e3o e das Pens\u00f5es de Sobreviv\u00eancia<\/a><\/li>\n<li><a href=\"docs\/legislacao\/Medidas_de_Proteccao_Social.pdf\">Medidas de Protec\u00e7\u00e3o Social<\/a><\/li>\n<li><a href=\"docs\/legislacao\/Fundo_de_Desemprego.pdf\">Fundo de Desemprego<\/a> <br \/>&nbsp;<\/li>\n<li><a href=\"docs\/legislacao\/Parentalidade.pdf\">Parentalidade<\/a><\/li>\n<li><a href=\"docs\/legislacao\/Requerimento_Abono.pdf\">Requerimento Abono<\/a> <br \/>&nbsp;<\/li>\n<li><a href=\"docs\/legislacao\/Lei_CEE_Revista.pdf\">Lei CEE Revista<\/a><\/li>\n<\/ul>\n","protected":false},"excerpt":{"rendered":"<p> C\u00f3digo do Trabalho (Lei 23\/2012 de 25 Jun) <\/p>\n<p>&nbsp; Controlo Situa\u00e7\u00f5es de Doen\u00e7a &nbsp; Regime da Aposenta\u00e7\u00e3o e das Pens\u00f5es de Sobreviv\u00eancia Medidas de Protec\u00e7\u00e3o Social Fundo de Desemprego &nbsp; Parentalidade Requerimento Abono &nbsp; Lei CEE Revista <\/p>\n","protected":false},"author":3,"featured_media":0,"parent":0,"menu_order":0,"comment_status":"closed","ping_status":"closed","template":"","meta":{"footnotes":""},"_links":{"self":[{"href":"http:\/\/sima.org.pt\/index.php?rest_route=\/wp\/v2\/pages\/180"}],"collection":[{"href":"http:\/\/sima.org.pt\/index.php?rest_route=\/wp\/v2\/pages"}],"about":[{"href":"http:\/\/sima.org.pt\/index.php?rest_route=\/wp\/v2\/types\/page"}],"author":[{"embeddable":true,"href":"http:\/\/sima.org.pt\/index.php?rest_route=\/wp\/v2\/users\/3"}],"replies":[{"embeddable":true,"href":"http:\/\/sima.org.pt\/index.php?rest_route=%2Fwp%2Fv2%2Fcomments&post=180"}],"version-history":[{"count":0,"href":"http:\/\/sima.org.pt\/index.php?rest_route=\/wp\/v2\/pages\/180\/revisions"}],"wp:attachment":[{"href":"http:\/\/sima.org.pt\/index.php?rest_route=%2Fwp%2Fv2%2Fmedia&parent=180"}],"curies":[{"name":"wp","href":"https:\/\/api.w.org\/{rel}","templated":true}]}}