{"id":16,"date":"2009-12-09T01:26:22","date_gmt":"2009-12-09T01:26:22","guid":{"rendered":"http:\/\/site.sima.org.pt\/?page_id=16"},"modified":"2025-10-06T14:04:15","modified_gmt":"2025-10-06T14:04:15","slug":"contactos","status":"publish","type":"page","link":"http:\/\/sima.org.pt\/?page_id=16","title":{"rendered":"Contactos"},"content":{"rendered":"<table width=\"725\" align=\"center\">\n<tbody>\n<tr>\n<td valign=\"top\" width=\"300\">\n<div align=\"center\"><strong>SEDE:<\/strong><\/div>\n<p>&nbsp;<\/p>\n<p>Rua Sylvio Rebelo n\u00ba 2, 1\u00ba e 2\u00ba<br \/>\n1000-282 Lisboa<\/p>\n<p>Telefones: 218 401 036<br \/>\nFax: 218 409 851<\/p>\n<p>Telem\u00f3veis: 919 034 816; 939 522 402<\/p>\n<p>E-mail: <a href=\"mailto:geral@sima.org.pt\">geral@sima.org.pt<\/a><br \/>\nWhat\u2019s Up: 919 034 816<br \/>\nTelegram: 919 034\u00a0816<br \/>\n<a href=\"https:\/\/www.instagram.com\/simasindicato\/\">Instagram<\/a><\/td>\n<td valign=\"top\" width=\"425\">\n<div align=\"center\"><iframe loading=\"lazy\" src=\"http:\/\/maps.google.com\/maps?f=q&amp;source=s_q&amp;hl=pt-PT&amp;geocode=&amp;q=Rua+S%C3%ADlvio+Rebelo+n%C2%BA+2,+1000-282+Lisboa&amp;sll=37.0625,-95.677068&amp;sspn=35.082817,78.662109&amp;ie=UTF8&amp;hq=&amp;hnear=R.+Silvio+Rebelo+2,+Lisboa,+Portugal&amp;ll=38.738702,-9.140585&amp;spn=0.008435,0.02738&amp;z=16&amp;output=embed\" width=\"425\" height=\"350\" frameborder=\"0\" marginwidth=\"0\" marginheight=\"0\" scrolling=\"no\"><\/iframe><br \/>\n<small><a style=\"color: #0000ff; text-align: left;\" href=\"http:\/\/maps.google.com\/maps?f=q&amp;source=embed&amp;hl=pt-PT&amp;geocode=&amp;q=Rua+S%C3%ADlvio+Rebelo+n%C2%BA+2,+1000-282+Lisboa&amp;sll=37.0625,-95.677068&amp;sspn=35.082817,78.662109&amp;ie=UTF8&amp;hq=&amp;hnear=R.+Silvio+Rebelo+2,+Lisboa,+Portugal&amp;ll=38.738702,-9.140585&amp;spn=0.008435,0.02738&amp;z=16\">Ver mapa maior<\/a><\/small><\/div>\n<\/td>\n<\/tr>\n<tr>\n<td colspan=\"2\"><\/td>\n<\/tr>\n<tr>\n<td valign=\"top\" width=\"300\">\n<div align=\"center\"><strong>DELEGA\u00c7\u00c3O DE BRAGA:<\/strong><\/div>\n<p>&nbsp;<\/p>\n<p>Pra\u00e7a Dr. Jo\u00e3o Antunes Guimar\u00e3es<br \/>\nCentro Comercial Passarele &#8211; Loja 68<br \/>\n4805-121 Caldas de Taipas<\/p>\n<p>Telem\u00f3vel: 918 962 888<\/td>\n<td valign=\"top\" width=\"425\">\n<div align=\"center\"><iframe loading=\"lazy\" src=\"http:\/\/maps.google.com\/maps?f=q&amp;source=s_q&amp;hl=pt-PT&amp;geocode=&amp;q=Pra%C3%A7a+Dr.+Jo%C3%A3o+Antunes+Guimar%C3%A3es,+4805-121+Caldas+de+Taipas,+portugal&amp;sll=37.0625,-95.677068&amp;sspn=35.082817,78.662109&amp;ie=UTF8&amp;hq=&amp;hnear=Pra%C3%A7a+Dr.+Jo%C3%A3o+Antunes+Guimar%C3%A3es,+Caldelas,+4805+Guimar%C3%A3es,+Braga,+Portugal&amp;z=16&amp;ll=41.485606,-8.347046&amp;output=embed\" width=\"425\" height=\"350\" frameborder=\"0\" marginwidth=\"0\" marginheight=\"0\" scrolling=\"no\"><\/iframe><br \/>\n<small><a style=\"color: #0000ff; text-align: left;\" href=\"http:\/\/maps.google.com\/maps?f=q&amp;source=embed&amp;hl=pt-PT&amp;geocode=&amp;q=Pra%C3%A7a+Dr.+Jo%C3%A3o+Antunes+Guimar%C3%A3es,+4805-121+Caldas+de+Taipas,+portugal&amp;sll=37.0625,-95.677068&amp;sspn=35.082817,78.662109&amp;ie=UTF8&amp;hq=&amp;hnear=Pra%C3%A7a+Dr.+Jo%C3%A3o+Antunes+Guimar%C3%A3es,+Caldelas,+4805+Guimar%C3%A3es,+Braga,+Portugal&amp;z=16&amp;ll=41.485606,-8.347046\">Ver mapa maior<\/a><\/small><\/div>\n<\/td>\n<\/tr>\n<tr>\n<td colspan=\"2\"><\/td>\n<\/tr>\n<tr>\n<td valign=\"top\" width=\"300\">\n<div align=\"center\"><strong>DELEGA\u00c7\u00c3O DO PORTO:<\/strong><\/div>\n<p>&nbsp;<\/p>\n<p>Rua da Constitui\u00e7\u00e3o, 707, 1\u00ba sala A<br \/>\n4200-200 Porto<br \/>\nTel\/Fax: 225 097 584<\/td>\n<td valign=\"top\" width=\"425\">\n<div align=\"center\"><strong>OUTRAS DELEGA\u00c7\u00d5ES:<\/strong><b>Arcos de Valdevez:<\/b> 916 420 129<b>Viana do Castelo:<\/b> 916 766 496<\/div>\n<\/td>\n<\/tr>\n<\/tbody>\n<\/table>\n<p>&nbsp;<\/p>\n","protected":false},"excerpt":{"rendered":"<p> SEDE: <\/p>\n<p>&nbsp;<\/p>\n<p>Rua Sylvio Rebelo n\u00ba 2, 1\u00ba e 2\u00ba 1000-282 Lisboa<\/p>\n<p>Telefones: 218 401 036 Fax: 218 409 851<\/p>\n<p>Telem\u00f3veis: 919 034 816; 939 522 402<\/p>\n<p>E-mail: geral@sima.org.pt What\u2019s Up: 919 034 816 Telegram: 919 034 816 Instagram Ver mapa maior DELEGA\u00c7\u00c3O DE BRAGA: <\/p>\n<p>&nbsp;<\/p>\n<p>Pra\u00e7a Dr. Jo\u00e3o Antunes Guimar\u00e3es Centro Comercial Passarele &#8211; Loja 68 4805-121 Caldas de Taipas<\/p>\n<p>Telem\u00f3vel: 918 962 888 Ver mapa maior DELEGA\u00c7\u00c3O DO PORTO: <\/p>\n<p>&nbsp;<\/p>\n<p>Rua da Constitui\u00e7\u00e3o, 707, 1\u00ba sala A 4200-200 Porto Tel\/Fax: 225 097 584 OUTRAS DELEGA\u00c7\u00d5ES:Arcos de Valdevez: 916 420 129Viana do Castelo: 916 766 496 <\/p>\n<p>&nbsp;<\/p>\n","protected":false},"author":6,"featured_media":0,"parent":827,"menu_order":0,"comment_status":"open","ping_status":"closed","template":"","meta":{"footnotes":""},"_links":{"self":[{"href":"http:\/\/sima.org.pt\/index.php?rest_route=\/wp\/v2\/pages\/16"}],"collection":[{"href":"http:\/\/sima.org.pt\/index.php?rest_route=\/wp\/v2\/pages"}],"about":[{"href":"http:\/\/sima.org.pt\/index.php?rest_route=\/wp\/v2\/types\/page"}],"author":[{"embeddable":true,"href":"http:\/\/sima.org.pt\/index.php?rest_route=\/wp\/v2\/users\/6"}],"replies":[{"embeddable":true,"href":"http:\/\/sima.org.pt\/index.php?rest_route=%2Fwp%2Fv2%2Fcomments&post=16"}],"version-history":[{"count":5,"href":"http:\/\/sima.org.pt\/index.php?rest_route=\/wp\/v2\/pages\/16\/revisions"}],"predecessor-version":[{"id":1071,"href":"http:\/\/sima.org.pt\/index.php?rest_route=\/wp\/v2\/pages\/16\/revisions\/1071"}],"up":[{"embeddable":true,"href":"http:\/\/sima.org.pt\/index.php?rest_route=\/wp\/v2\/pages\/827"}],"wp:attachment":[{"href":"http:\/\/sima.org.pt\/index.php?rest_route=%2Fwp%2Fv2%2Fmedia&parent=16"}],"curies":[{"name":"wp","href":"https:\/\/api.w.org\/{rel}","templated":true}]}}